{"id":12,"date":"2018-10-18T09:13:23","date_gmt":"2018-10-18T06:13:23","guid":{"rendered":"http:\/\/www.belcev.com.tr\/?page_id=12"},"modified":"2018-11-16T10:57:08","modified_gmt":"2018-11-16T07:57:08","slug":"referanslar","status":"publish","type":"page","link":"http:\/\/www.belcev.com.tr\/?page_id=12","title":{"rendered":"Referanslar"},"content":{"rendered":"\t\t<div data-elementor-type=\"wp-post\" data-elementor-id=\"12\" class=\"elementor elementor-12 elementor-bc-flex-widget\">\n\t\t\t\t\t\t<div class=\"elementor-inner\">\n\t\t\t\t<div class=\"elementor-section-wrap\">\n\t\t\t\t\t\t\t\t\t<section class=\"elementor-section elementor-top-section elementor-element elementor-element-a1d87ee elementor-section-stretched elementor-section-full_width elementor-section-height-default elementor-section-height-default\" data-id=\"a1d87ee\" data-element_type=\"section\" data-settings=\"{&quot;stretch_section&quot;:&quot;section-stretched&quot;,&quot;background_background&quot;:&quot;classic&quot;}\">\n\t\t\t\t\t\t<div class=\"elementor-container elementor-column-gap-default\">\n\t\t\t\t\t\t\t<div class=\"elementor-row\">\n\t\t\t\t\t<div class=\"elementor-column elementor-col-100 elementor-top-column elementor-element elementor-element-1c3bea7\" data-id=\"1c3bea7\" data-element_type=\"column\">\n\t\t\t<div class=\"elementor-column-wrap\">\n\t\t\t\t\t\t\t<div class=\"elementor-widget-wrap\">\n\t\t\t\t\t\t\t\t<\/div>\n\t\t\t\t\t<\/div>\n\t\t<\/div>\n\t\t\t\t\t\t\t\t<\/div>\n\t\t\t\t\t<\/div>\n\t\t<\/section>\n\t\t\t\t<section class=\"elementor-section elementor-top-section elementor-element elementor-element-a94998b elementor-section-stretched elementor-section-boxed elementor-section-height-default elementor-section-height-default\" data-id=\"a94998b\" data-element_type=\"section\" data-settings=\"{&quot;stretch_section&quot;:&quot;section-stretched&quot;}\">\n\t\t\t\t\t\t<div class=\"elementor-container elementor-column-gap-default\">\n\t\t\t\t\t\t\t<div class=\"elementor-row\">\n\t\t\t\t\t<div class=\"elementor-column elementor-col-100 elementor-top-column elementor-element elementor-element-64cddfc\" data-id=\"64cddfc\" data-element_type=\"column\">\n\t\t\t<div class=\"elementor-column-wrap elementor-element-populated\">\n\t\t\t\t\t\t\t<div class=\"elementor-widget-wrap\">\n\t\t\t\t\t\t<div class=\"elementor-element elementor-element-e45b144 elementor-widget elementor-widget-heading\" data-id=\"e45b144\" data-element_type=\"widget\" data-widget_type=\"heading.default\">\n\t\t\t\t<div class=\"elementor-widget-container\">\n\t\t\t<h2 class=\"elementor-heading-title elementor-size-default\">REFERANSLARIMIZ<\/h2>\t\t<\/div>\n\t\t\t\t<\/div>\n\t\t\t\t<div class=\"elementor-element elementor-element-fb89772 elementor-view-default elementor-widget elementor-widget-icon\" data-id=\"fb89772\" data-element_type=\"widget\" data-widget_type=\"icon.default\">\n\t\t\t\t<div class=\"elementor-widget-container\">\n\t\t\t\t\t<div class=\"elementor-icon-wrapper\">\n\t\t\t<div class=\"elementor-icon\">\n\t\t\t\t\t\t\t<i class=\"fa fa-handshake-o\" aria-hidden=\"true\"><\/i>\n\t\t\t\t\t\t<\/div>\n\t\t<\/div>\n\t\t\t\t<\/div>\n\t\t\t\t<\/div>\n\t\t\t\t<div class=\"elementor-element elementor-element-930fda8 gallery-spacing-custom elementor-widget elementor-widget-image-gallery\" data-id=\"930fda8\" data-element_type=\"widget\" data-widget_type=\"image-gallery.default\">\n\t\t\t\t<div class=\"elementor-widget-container\">\n\t\t\t\t\t<div class=\"elementor-image-gallery\">\n\t\t\t<div id='gallery-1' class='gallery galleryid-12 gallery-columns-4 gallery-size-thumbnail'><figure class='gallery-item'>\n\t\t\t<div class='gallery-icon landscape'>\n\t\t\t\t<a data-elementor-open-lightbox=\"yes\" data-elementor-lightbox-slideshow=\"930fda8\" data-elementor-lightbox-title=\"logo (1)\" data-e-action-hash=\"#elementor-action%3Aaction%3Dlightbox%26settings%3DeyJpZCI6MzEyLCJ1cmwiOiJodHRwOlwvXC93d3cuYmVsY2V2LmNvbS50clwvd3AtY29udGVudFwvdXBsb2Fkc1wvMjAxOFwvMTFcL2xvZ28tMS5wbmciLCJzbGlkZXNob3ciOiI5MzBmZGE4In0%3D\" href='http:\/\/www.belcev.com.tr\/wp-content\/uploads\/2018\/11\/logo-1.png'><img width=\"146\" height=\"146\" src=\"http:\/\/www.belcev.com.tr\/wp-content\/uploads\/2018\/11\/logo-1.png\" class=\"attachment-thumbnail size-thumbnail\" alt=\"\" decoding=\"async\" loading=\"lazy\" aria-describedby=\"gallery-1-312\" \/><\/a>\n\t\t\t<\/div>\n\t\t\t\t<figcaption class='wp-caption-text gallery-caption' id='gallery-1-312'>\n\t\t\t\tYal\u0131kavak-Bozburun Su \u00dcr\u00fcnleri Kooperatifi\n\t\t\t\t<\/figcaption><\/figure><figure class='gallery-item'>\n\t\t\t<div class='gallery-icon landscape'>\n\t\t\t\t<a data-elementor-open-lightbox=\"yes\" data-elementor-lightbox-slideshow=\"930fda8\" data-elementor-lightbox-title=\"dtofethiye_logo yeni\" data-e-action-hash=\"#elementor-action%3Aaction%3Dlightbox%26settings%3DeyJpZCI6Mjk5LCJ1cmwiOiJodHRwOlwvXC93d3cuYmVsY2V2LmNvbS50clwvd3AtY29udGVudFwvdXBsb2Fkc1wvMjAxOFwvMTBcL2R0b2ZldGhpeWVfbG9nby15ZW5pLTEuanBnIiwic2xpZGVzaG93IjoiOTMwZmRhOCJ9\" href='http:\/\/www.belcev.com.tr\/wp-content\/uploads\/2018\/10\/dtofethiye_logo-yeni-1.jpg'><img width=\"150\" height=\"150\" src=\"http:\/\/www.belcev.com.tr\/wp-content\/uploads\/2018\/10\/dtofethiye_logo-yeni-1.jpg\" class=\"attachment-thumbnail size-thumbnail\" alt=\"\" decoding=\"async\" loading=\"lazy\" aria-describedby=\"gallery-1-299\" \/><\/a>\n\t\t\t<\/div>\n\t\t\t\t<figcaption class='wp-caption-text gallery-caption' id='gallery-1-299'>\n\t\t\t\t DTO FETH\u0130YE\n\t\t\t\t<\/figcaption><\/figure><figure class='gallery-item'>\n\t\t\t<div class='gallery-icon landscape'>\n\t\t\t\t<a data-elementor-open-lightbox=\"yes\" data-elementor-lightbox-slideshow=\"930fda8\" data-elementor-lightbox-title=\"alanyabelediyesi\" data-e-action-hash=\"#elementor-action%3Aaction%3Dlightbox%26settings%3DeyJpZCI6MjgwLCJ1cmwiOiJodHRwOlwvXC93d3cuYmVsY2V2LmNvbS50clwvd3AtY29udGVudFwvdXBsb2Fkc1wvMjAxOFwvMTBcL2FsYW55YWJlbGVkaXllc2ktMS5wbmciLCJzbGlkZXNob3ciOiI5MzBmZGE4In0%3D\" href='http:\/\/www.belcev.com.tr\/wp-content\/uploads\/2018\/10\/alanyabelediyesi-1.png'><img width=\"150\" height=\"150\" src=\"http:\/\/www.belcev.com.tr\/wp-content\/uploads\/2018\/10\/alanyabelediyesi-1.png\" class=\"attachment-thumbnail size-thumbnail\" alt=\"\" decoding=\"async\" loading=\"lazy\" aria-describedby=\"gallery-1-280\" \/><\/a>\n\t\t\t<\/div>\n\t\t\t\t<figcaption class='wp-caption-text gallery-caption' id='gallery-1-280'>\n\t\t\t\tALANYA BELED\u0130YES\u0130\n\t\t\t\t<\/figcaption><\/figure><figure class='gallery-item'>\n\t\t\t<div class='gallery-icon landscape'>\n\t\t\t\t<a data-elementor-open-lightbox=\"yes\" data-elementor-lightbox-slideshow=\"930fda8\" data-elementor-lightbox-title=\"antalyabelediye\" data-e-action-hash=\"#elementor-action%3Aaction%3Dlightbox%26settings%3DeyJpZCI6MjgxLCJ1cmwiOiJodHRwOlwvXC93d3cuYmVsY2V2LmNvbS50clwvd3AtY29udGVudFwvdXBsb2Fkc1wvMjAxOFwvMTBcL2FudGFseWFiZWxlZGl5ZS0xLmdpZiIsInNsaWRlc2hvdyI6IjkzMGZkYTgifQ%3D%3D\" href='http:\/\/www.belcev.com.tr\/wp-content\/uploads\/2018\/10\/antalyabelediye-1.gif'><img width=\"150\" height=\"150\" src=\"http:\/\/www.belcev.com.tr\/wp-content\/uploads\/2018\/10\/antalyabelediye-1.gif\" class=\"attachment-thumbnail size-thumbnail\" alt=\"\" decoding=\"async\" loading=\"lazy\" aria-describedby=\"gallery-1-281\" \/><\/a>\n\t\t\t<\/div>\n\t\t\t\t<figcaption class='wp-caption-text gallery-caption' id='gallery-1-281'>\n\t\t\t\tANTALYA B.\u015eEH\u0130R BEL. ANDRASAN BARINA\u011eI\n\t\t\t\t<\/figcaption><\/figure><figure class='gallery-item'>\n\t\t\t<div class='gallery-icon landscape'>\n\t\t\t\t<a data-elementor-open-lightbox=\"yes\" data-elementor-lightbox-slideshow=\"930fda8\" data-elementor-lightbox-title=\"bozburun\" data-e-action-hash=\"#elementor-action%3Aaction%3Dlightbox%26settings%3DeyJpZCI6MjgzLCJ1cmwiOiJodHRwOlwvXC93d3cuYmVsY2V2LmNvbS50clwvd3AtY29udGVudFwvdXBsb2Fkc1wvMjAxOFwvMTBcL2JvemJ1cnVuLTEuanBnIiwic2xpZGVzaG93IjoiOTMwZmRhOCJ9\" href='http:\/\/www.belcev.com.tr\/wp-content\/uploads\/2018\/10\/bozburun-1.jpg'><img width=\"150\" height=\"150\" src=\"http:\/\/www.belcev.com.tr\/wp-content\/uploads\/2018\/10\/bozburun-1.jpg\" class=\"attachment-thumbnail size-thumbnail\" alt=\"\" decoding=\"async\" loading=\"lazy\" aria-describedby=\"gallery-1-283\" \/><\/a>\n\t\t\t<\/div>\n\t\t\t\t<figcaption class='wp-caption-text gallery-caption' id='gallery-1-283'>\n\t\t\t\tBOZBURUN BALIK\u00c7I BARINA\u011eI\n\t\t\t\t<\/figcaption><\/figure><figure class='gallery-item'>\n\t\t\t<div class='gallery-icon landscape'>\n\t\t\t\t<a data-elementor-open-lightbox=\"yes\" data-elementor-lightbox-slideshow=\"930fda8\" data-elementor-lightbox-title=\"canakkalebelediyesi\" data-e-action-hash=\"#elementor-action%3Aaction%3Dlightbox%26settings%3DeyJpZCI6Mjg0LCJ1cmwiOiJodHRwOlwvXC93d3cuYmVsY2V2LmNvbS50clwvd3AtY29udGVudFwvdXBsb2Fkc1wvMjAxOFwvMTBcL2NhbmFra2FsZWJlbGVkaXllc2ktMS5wbmciLCJzbGlkZXNob3ciOiI5MzBmZGE4In0%3D\" href='http:\/\/www.belcev.com.tr\/wp-content\/uploads\/2018\/10\/canakkalebelediyesi-1.png'><img width=\"150\" height=\"150\" src=\"http:\/\/www.belcev.com.tr\/wp-content\/uploads\/2018\/10\/canakkalebelediyesi-1.png\" class=\"attachment-thumbnail size-thumbnail\" alt=\"\" decoding=\"async\" loading=\"lazy\" aria-describedby=\"gallery-1-284\" \/><\/a>\n\t\t\t<\/div>\n\t\t\t\t<figcaption class='wp-caption-text gallery-caption' id='gallery-1-284'>\n\t\t\t\t\u00c7ANAKKALE BELED\u0130YES\u0130\n\t\t\t\t<\/figcaption><\/figure><figure class='gallery-item'>\n\t\t\t<div class='gallery-icon landscape'>\n\t\t\t\t<a data-elementor-open-lightbox=\"yes\" data-elementor-lightbox-slideshow=\"930fda8\" data-elementor-lightbox-title=\"cestur\" data-e-action-hash=\"#elementor-action%3Aaction%3Dlightbox%26settings%3DeyJpZCI6Mjg1LCJ1cmwiOiJodHRwOlwvXC93d3cuYmVsY2V2LmNvbS50clwvd3AtY29udGVudFwvdXBsb2Fkc1wvMjAxOFwvMTBcL2Nlc3R1ci0xLmpwZyIsInNsaWRlc2hvdyI6IjkzMGZkYTgifQ%3D%3D\" href='http:\/\/www.belcev.com.tr\/wp-content\/uploads\/2018\/10\/cestur-1.jpg'><img width=\"150\" height=\"150\" src=\"http:\/\/www.belcev.com.tr\/wp-content\/uploads\/2018\/10\/cestur-1.jpg\" class=\"attachment-thumbnail size-thumbnail\" alt=\"\" decoding=\"async\" loading=\"lazy\" aria-describedby=\"gallery-1-285\" \/><\/a>\n\t\t\t<\/div>\n\t\t\t\t<figcaption class='wp-caption-text gallery-caption' id='gallery-1-285'>\n\t\t\t\t\u00c7E\u015eTUR \u00c7E\u015eME\n\t\t\t\t<\/figcaption><\/figure><figure class='gallery-item'>\n\t\t\t<div class='gallery-icon landscape'>\n\t\t\t\t<a data-elementor-open-lightbox=\"yes\" data-elementor-lightbox-slideshow=\"930fda8\" data-elementor-lightbox-title=\"dmarin\" data-e-action-hash=\"#elementor-action%3Aaction%3Dlightbox%26settings%3DeyJpZCI6Mjg2LCJ1cmwiOiJodHRwOlwvXC93d3cuYmVsY2V2LmNvbS50clwvd3AtY29udGVudFwvdXBsb2Fkc1wvMjAxOFwvMTBcL2RtYXJpbi0xLmpwZyIsInNsaWRlc2hvdyI6IjkzMGZkYTgifQ%3D%3D\" href='http:\/\/www.belcev.com.tr\/wp-content\/uploads\/2018\/10\/dmarin-1.jpg'><img width=\"150\" height=\"150\" src=\"http:\/\/www.belcev.com.tr\/wp-content\/uploads\/2018\/10\/dmarin-1.jpg\" class=\"attachment-thumbnail size-thumbnail\" alt=\"\" decoding=\"async\" loading=\"lazy\" aria-describedby=\"gallery-1-286\" \/><\/a>\n\t\t\t<\/div>\n\t\t\t\t<figcaption class='wp-caption-text gallery-caption' id='gallery-1-286'>\n\t\t\t\tD-MAR\u0130N G\u00d6\u00c7EK\n\t\t\t\t<\/figcaption><\/figure><figure class='gallery-item'>\n\t\t\t<div class='gallery-icon landscape'>\n\t\t\t\t<a data-elementor-open-lightbox=\"yes\" data-elementor-lightbox-slideshow=\"930fda8\" data-elementor-lightbox-title=\"dsvmarine\" data-e-action-hash=\"#elementor-action%3Aaction%3Dlightbox%26settings%3DeyJpZCI6Mjg3LCJ1cmwiOiJodHRwOlwvXC93d3cuYmVsY2V2LmNvbS50clwvd3AtY29udGVudFwvdXBsb2Fkc1wvMjAxOFwvMTBcL2Rzdm1hcmluZS0xLmdpZiIsInNsaWRlc2hvdyI6IjkzMGZkYTgifQ%3D%3D\" href='http:\/\/www.belcev.com.tr\/wp-content\/uploads\/2018\/10\/dsvmarine-1.gif'><img width=\"150\" height=\"150\" src=\"http:\/\/www.belcev.com.tr\/wp-content\/uploads\/2018\/10\/dsvmarine-1.gif\" class=\"attachment-thumbnail size-thumbnail\" alt=\"\" decoding=\"async\" loading=\"lazy\" aria-describedby=\"gallery-1-287\" \/><\/a>\n\t\t\t<\/div>\n\t\t\t\t<figcaption class='wp-caption-text gallery-caption' id='gallery-1-287'>\n\t\t\t\tDSV YAT\u00c7ILIK\n\t\t\t\t<\/figcaption><\/figure><figure class='gallery-item'>\n\t\t\t<div class='gallery-icon landscape'>\n\t\t\t\t<a data-elementor-open-lightbox=\"yes\" data-elementor-lightbox-slideshow=\"930fda8\" data-elementor-lightbox-title=\"dto-logo\" data-e-action-hash=\"#elementor-action%3Aaction%3Dlightbox%26settings%3DeyJpZCI6Mjg5LCJ1cmwiOiJodHRwOlwvXC93d3cuYmVsY2V2LmNvbS50clwvd3AtY29udGVudFwvdXBsb2Fkc1wvMjAxOFwvMTBcL2R0by1sb2dvLTEucG5nIiwic2xpZGVzaG93IjoiOTMwZmRhOCJ9\" href='http:\/\/www.belcev.com.tr\/wp-content\/uploads\/2018\/10\/dto-logo-1.png'><img width=\"150\" height=\"150\" src=\"http:\/\/www.belcev.com.tr\/wp-content\/uploads\/2018\/10\/dto-logo-1.png\" class=\"attachment-thumbnail size-thumbnail\" alt=\"\" decoding=\"async\" loading=\"lazy\" aria-describedby=\"gallery-1-289\" \/><\/a>\n\t\t\t<\/div>\n\t\t\t\t<figcaption class='wp-caption-text gallery-caption' id='gallery-1-289'>\n\t\t\t\tDTO G\u00d6\u00c7EK\n\t\t\t\t<\/figcaption><\/figure><figure class='gallery-item'>\n\t\t\t<div class='gallery-icon landscape'>\n\t\t\t\t<a data-elementor-open-lightbox=\"yes\" data-elementor-lightbox-slideshow=\"930fda8\" data-elementor-lightbox-title=\"egesumarina\" data-e-action-hash=\"#elementor-action%3Aaction%3Dlightbox%26settings%3DeyJpZCI6MjkwLCJ1cmwiOiJodHRwOlwvXC93d3cuYmVsY2V2LmNvbS50clwvd3AtY29udGVudFwvdXBsb2Fkc1wvMjAxOFwvMTBcL2VnZXN1bWFyaW5hLTEuZ2lmIiwic2xpZGVzaG93IjoiOTMwZmRhOCJ9\" href='http:\/\/www.belcev.com.tr\/wp-content\/uploads\/2018\/10\/egesumarina-1.gif'><img width=\"150\" height=\"150\" src=\"http:\/\/www.belcev.com.tr\/wp-content\/uploads\/2018\/10\/egesumarina-1.gif\" class=\"attachment-thumbnail size-thumbnail\" alt=\"\" decoding=\"async\" loading=\"lazy\" aria-describedby=\"gallery-1-290\" \/><\/a>\n\t\t\t<\/div>\n\t\t\t\t<figcaption class='wp-caption-text gallery-caption' id='gallery-1-290'>\n\t\t\t\tM\u0130LAS G\u00dcLL\u00dcK EGESU\n\t\t\t\t<\/figcaption><\/figure><figure class='gallery-item'>\n\t\t\t<div class='gallery-icon landscape'>\n\t\t\t\t<a data-elementor-open-lightbox=\"yes\" data-elementor-lightbox-slideshow=\"930fda8\" data-elementor-lightbox-title=\"mucevturizm\" data-e-action-hash=\"#elementor-action%3Aaction%3Dlightbox%26settings%3DeyJpZCI6MjkxLCJ1cmwiOiJodHRwOlwvXC93d3cuYmVsY2V2LmNvbS50clwvd3AtY29udGVudFwvdXBsb2Fkc1wvMjAxOFwvMTBcL211Y2V2dHVyaXptLTEuanBnIiwic2xpZGVzaG93IjoiOTMwZmRhOCJ9\" href='http:\/\/www.belcev.com.tr\/wp-content\/uploads\/2018\/10\/mucevturizm-1.jpg'><img width=\"150\" height=\"150\" src=\"http:\/\/www.belcev.com.tr\/wp-content\/uploads\/2018\/10\/mucevturizm-1.jpg\" class=\"attachment-thumbnail size-thumbnail\" alt=\"\" decoding=\"async\" loading=\"lazy\" aria-describedby=\"gallery-1-291\" \/><\/a>\n\t\t\t<\/div>\n\t\t\t\t<figcaption class='wp-caption-text gallery-caption' id='gallery-1-291'>\n\t\t\t\t AKYAKA MU\u00c7EV \n\t\t\t\t<\/figcaption><\/figure>\n\t\t<\/div>\n\t\t<\/div>\n\t\t\t\t<\/div>\n\t\t\t\t<\/div>\n\t\t\t\t\t\t<\/div>\n\t\t\t\t\t<\/div>\n\t\t<\/div>\n\t\t\t\t\t\t\t\t<\/div>\n\t\t\t\t\t<\/div>\n\t\t<\/section>\n\t\t\t\t\t\t\t\t\t<\/div>\n\t\t\t<\/div>\n\t\t\t\t\t<\/div>\n\t\t","protected":false},"excerpt":{"rendered":"<p>REFERANSLARIMIZ Yal\u0131kavak-Bozburun Su \u00dcr\u00fcnleri Kooperatifi DTO FETH\u0130YE ALANYA BELED\u0130YES\u0130 ANTALYA B.\u015eEH\u0130R BEL. ANDRASAN BARINA\u011eI BOZBURUN BALIK\u00c7I BARINA\u011eI \u00c7ANAKKALE BELED\u0130YES\u0130 \u00c7E\u015eTUR \u00c7E\u015eME D-MAR\u0130N G\u00d6\u00c7EK DSV YAT\u00c7ILIK DTO G\u00d6\u00c7EK M\u0130LAS G\u00dcLL\u00dcK EGESU AKYAKA MU\u00c7EV<\/p>\n","protected":false},"author":1,"featured_media":0,"parent":0,"menu_order":0,"comment_status":"closed","ping_status":"closed","template":"","meta":[],"_links":{"self":[{"href":"http:\/\/www.belcev.com.tr\/index.php?rest_route=\/wp\/v2\/pages\/12"}],"collection":[{"href":"http:\/\/www.belcev.com.tr\/index.php?rest_route=\/wp\/v2\/pages"}],"about":[{"href":"http:\/\/www.belcev.com.tr\/index.php?rest_route=\/wp\/v2\/types\/page"}],"author":[{"embeddable":true,"href":"http:\/\/www.belcev.com.tr\/index.php?rest_route=\/wp\/v2\/users\/1"}],"replies":[{"embeddable":true,"href":"http:\/\/www.belcev.com.tr\/index.php?rest_route=%2Fwp%2Fv2%2Fcomments&post=12"}],"version-history":[{"count":39,"href":"http:\/\/www.belcev.com.tr\/index.php?rest_route=\/wp\/v2\/pages\/12\/revisions"}],"predecessor-version":[{"id":392,"href":"http:\/\/www.belcev.com.tr\/index.php?rest_route=\/wp\/v2\/pages\/12\/revisions\/392"}],"wp:attachment":[{"href":"http:\/\/www.belcev.com.tr\/index.php?rest_route=%2Fwp%2Fv2%2Fmedia&parent=12"}],"curies":[{"name":"wp","href":"https:\/\/api.w.org\/{rel}","templated":true}]}}