{"id":10,"date":"2018-10-18T09:13:12","date_gmt":"2018-10-18T06:13:12","guid":{"rendered":"http:\/\/www.belcev.com.tr\/?page_id=10"},"modified":"2018-11-05T16:19:50","modified_gmt":"2018-11-05T13:19:50","slug":"urunler","status":"publish","type":"page","link":"http:\/\/www.belcev.com.tr\/?page_id=10","title":{"rendered":"\u00dcr\u00fcnler"},"content":{"rendered":"\t\t<div data-elementor-type=\"wp-post\" data-elementor-id=\"10\" class=\"elementor elementor-10 elementor-bc-flex-widget\">\n\t\t\t\t\t\t<div class=\"elementor-inner\">\n\t\t\t\t<div class=\"elementor-section-wrap\">\n\t\t\t\t\t\t\t\t\t<section class=\"elementor-section elementor-top-section elementor-element elementor-element-62d916e elementor-section-stretched elementor-section-full_width elementor-section-height-default elementor-section-height-default\" data-id=\"62d916e\" data-element_type=\"section\" data-settings=\"{&quot;stretch_section&quot;:&quot;section-stretched&quot;,&quot;background_background&quot;:&quot;classic&quot;}\">\n\t\t\t\t\t\t\t<div class=\"elementor-background-overlay\"><\/div>\n\t\t\t\t\t\t\t<div class=\"elementor-container elementor-column-gap-default\">\n\t\t\t\t\t\t\t<div class=\"elementor-row\">\n\t\t\t\t\t<div class=\"elementor-column elementor-col-100 elementor-top-column elementor-element elementor-element-14e5496\" data-id=\"14e5496\" data-element_type=\"column\">\n\t\t\t<div class=\"elementor-column-wrap\">\n\t\t\t\t\t\t\t<div class=\"elementor-widget-wrap\">\n\t\t\t\t\t\t\t\t<\/div>\n\t\t\t\t\t<\/div>\n\t\t<\/div>\n\t\t\t\t\t\t\t\t<\/div>\n\t\t\t\t\t<\/div>\n\t\t<\/section>\n\t\t\t\t<section class=\"elementor-section elementor-top-section elementor-element elementor-element-d069ad1 elementor-section-stretched elementor-section-full_width elementor-section-height-default elementor-section-height-default\" data-id=\"d069ad1\" data-element_type=\"section\" data-settings=\"{&quot;stretch_section&quot;:&quot;section-stretched&quot;}\">\n\t\t\t\t\t\t<div class=\"elementor-container elementor-column-gap-default\">\n\t\t\t\t\t\t\t<div class=\"elementor-row\">\n\t\t\t\t\t<div class=\"elementor-column elementor-col-100 elementor-top-column elementor-element elementor-element-e42db27\" data-id=\"e42db27\" data-element_type=\"column\">\n\t\t\t<div class=\"elementor-column-wrap elementor-element-populated\">\n\t\t\t\t\t\t\t<div class=\"elementor-widget-wrap\">\n\t\t\t\t\t\t<div class=\"elementor-element elementor-element-cf120e2 elementor-widget elementor-widget-heading\" data-id=\"cf120e2\" data-element_type=\"widget\" data-widget_type=\"heading.default\">\n\t\t\t\t<div class=\"elementor-widget-container\">\n\t\t\t<h2 class=\"elementor-heading-title elementor-size-default\">\u00dcR\u00dcNLER\u0130M\u0130Z<\/h2>\t\t<\/div>\n\t\t\t\t<\/div>\n\t\t\t\t<div class=\"elementor-element elementor-element-4f88e01 elementor-view-default elementor-widget elementor-widget-icon\" data-id=\"4f88e01\" data-element_type=\"widget\" data-widget_type=\"icon.default\">\n\t\t\t\t<div class=\"elementor-widget-container\">\n\t\t\t\t\t<div class=\"elementor-icon-wrapper\">\n\t\t\t<div class=\"elementor-icon\">\n\t\t\t\t\t\t\t<i class=\"fa fa-ship\" aria-hidden=\"true\"><\/i>\n\t\t\t\t\t\t<\/div>\n\t\t<\/div>\n\t\t\t\t<\/div>\n\t\t\t\t<\/div>\n\t\t\t\t<div class=\"elementor-element elementor-element-cdf8c53 elementor-widget elementor-widget-text-editor\" data-id=\"cdf8c53\" data-element_type=\"widget\" data-widget_type=\"text-editor.default\">\n\t\t\t\t<div class=\"elementor-widget-container\">\n\t\t\t\t\t\t\t\t<div class=\"elementor-text-editor elementor-clearfix\">\n\t\t\t\t<section id=\"cover\"><div id=\"header\" class=\"header\"><div class=\"container\"><div class=\"row\"><div class=\"col-sm-4 wow bounceInLeft\"><p>\u00c7evre ve \u015eehircilik Bakanl\u0131\u011f\u0131 onayl\u0131 olan 3 farkl\u0131 otomasyon sistemimiz bulunmakta olup sistemlerimiz son teknoloji ile \u00fcretilmektedir.<br \/>Sabit mavi kart otomasyon sistemi (motorlu ve motorsuz), Hareketli mavi kart otomasyon sistemi (motorlu ve motorsuz) ve Tekne Takip Sistemli Mavi Kart Otomasyon Sistemi\u00a0 \u00fcr\u00fcn yelpazasesinde bulunmaktad\u0131r.<\/p><\/div><\/div><\/div><\/div><\/section>\t\t\t\t\t<\/div>\n\t\t\t\t\t\t<\/div>\n\t\t\t\t<\/div>\n\t\t\t\t<div class=\"elementor-element elementor-element-6e70443 gallery-spacing-custom elementor-invisible elementor-widget elementor-widget-image-gallery\" data-id=\"6e70443\" data-element_type=\"widget\" data-settings=\"{&quot;_animation&quot;:&quot;zoomIn&quot;}\" data-widget_type=\"image-gallery.default\">\n\t\t\t\t<div class=\"elementor-widget-container\">\n\t\t\t\t\t<div class=\"elementor-image-gallery\">\n\t\t\t<div id='gallery-1' class='gallery galleryid-10 gallery-columns-4 gallery-size-medium'><figure class='gallery-item'>\n\t\t\t<div class='gallery-icon portrait'>\n\t\t\t\t<a data-elementor-open-lightbox=\"yes\" data-elementor-lightbox-slideshow=\"6e70443\" data-elementor-lightbox-title=\"cengiz10\" data-e-action-hash=\"#elementor-action%3Aaction%3Dlightbox%26settings%3DeyJpZCI6MzQ2LCJ1cmwiOiJodHRwOlwvXC93d3cuYmVsY2V2LmNvbS50clwvd3AtY29udGVudFwvdXBsb2Fkc1wvMjAxOFwvMTFcL2NlbmdpejEwLmpwZyIsInNsaWRlc2hvdyI6IjZlNzA0NDMifQ%3D%3D\" href='http:\/\/www.belcev.com.tr\/wp-content\/uploads\/2018\/11\/cengiz10.jpg'><img width=\"169\" height=\"300\" src=\"http:\/\/www.belcev.com.tr\/wp-content\/uploads\/2018\/11\/cengiz10-169x300.jpg\" class=\"attachment-medium size-medium\" alt=\"\" decoding=\"async\" loading=\"lazy\" srcset=\"http:\/\/www.belcev.com.tr\/wp-content\/uploads\/2018\/11\/cengiz10-169x300.jpg 169w, http:\/\/www.belcev.com.tr\/wp-content\/uploads\/2018\/11\/cengiz10-768x1364.jpg 768w, http:\/\/www.belcev.com.tr\/wp-content\/uploads\/2018\/11\/cengiz10-577x1024.jpg 577w, http:\/\/www.belcev.com.tr\/wp-content\/uploads\/2018\/11\/cengiz10.jpg 901w\" sizes=\"(max-width: 169px) 100vw, 169px\" \/><\/a>\n\t\t\t<\/div><\/figure><figure class='gallery-item'>\n\t\t\t<div class='gallery-icon portrait'>\n\t\t\t\t<a data-elementor-open-lightbox=\"yes\" data-elementor-lightbox-slideshow=\"6e70443\" data-elementor-lightbox-title=\"cengiz4\" data-e-action-hash=\"#elementor-action%3Aaction%3Dlightbox%26settings%3DeyJpZCI6MjY2LCJ1cmwiOiJodHRwOlwvXC93d3cuYmVsY2V2LmNvbS50clwvd3AtY29udGVudFwvdXBsb2Fkc1wvMjAxOFwvMTBcL2NlbmdpejQuanBnIiwic2xpZGVzaG93IjoiNmU3MDQ0MyJ9\" href='http:\/\/www.belcev.com.tr\/wp-content\/uploads\/2018\/10\/cengiz4.jpg'><img width=\"169\" height=\"300\" src=\"http:\/\/www.belcev.com.tr\/wp-content\/uploads\/2018\/10\/cengiz4-169x300.jpg\" class=\"attachment-medium size-medium\" alt=\"\" decoding=\"async\" loading=\"lazy\" srcset=\"http:\/\/www.belcev.com.tr\/wp-content\/uploads\/2018\/10\/cengiz4-169x300.jpg 169w, http:\/\/www.belcev.com.tr\/wp-content\/uploads\/2018\/10\/cengiz4-768x1364.jpg 768w, http:\/\/www.belcev.com.tr\/wp-content\/uploads\/2018\/10\/cengiz4-577x1024.jpg 577w, http:\/\/www.belcev.com.tr\/wp-content\/uploads\/2018\/10\/cengiz4.jpg 901w\" sizes=\"(max-width: 169px) 100vw, 169px\" \/><\/a>\n\t\t\t<\/div><\/figure><figure class='gallery-item'>\n\t\t\t<div class='gallery-icon portrait'>\n\t\t\t\t<a data-elementor-open-lightbox=\"yes\" data-elementor-lightbox-slideshow=\"6e70443\" data-elementor-lightbox-title=\"cengiz5\" data-e-action-hash=\"#elementor-action%3Aaction%3Dlightbox%26settings%3DeyJpZCI6MjY3LCJ1cmwiOiJodHRwOlwvXC93d3cuYmVsY2V2LmNvbS50clwvd3AtY29udGVudFwvdXBsb2Fkc1wvMjAxOFwvMTBcL2NlbmdpejUuanBnIiwic2xpZGVzaG93IjoiNmU3MDQ0MyJ9\" href='http:\/\/www.belcev.com.tr\/wp-content\/uploads\/2018\/10\/cengiz5.jpg'><img width=\"169\" height=\"300\" src=\"http:\/\/www.belcev.com.tr\/wp-content\/uploads\/2018\/10\/cengiz5-169x300.jpg\" class=\"attachment-medium size-medium\" alt=\"\" decoding=\"async\" loading=\"lazy\" srcset=\"http:\/\/www.belcev.com.tr\/wp-content\/uploads\/2018\/10\/cengiz5-169x300.jpg 169w, http:\/\/www.belcev.com.tr\/wp-content\/uploads\/2018\/10\/cengiz5-768x1364.jpg 768w, http:\/\/www.belcev.com.tr\/wp-content\/uploads\/2018\/10\/cengiz5-577x1024.jpg 577w, http:\/\/www.belcev.com.tr\/wp-content\/uploads\/2018\/10\/cengiz5.jpg 901w\" sizes=\"(max-width: 169px) 100vw, 169px\" \/><\/a>\n\t\t\t<\/div><\/figure><figure class='gallery-item'>\n\t\t\t<div class='gallery-icon portrait'>\n\t\t\t\t<a data-elementor-open-lightbox=\"yes\" data-elementor-lightbox-slideshow=\"6e70443\" data-elementor-lightbox-title=\"cengiz6\" data-e-action-hash=\"#elementor-action%3Aaction%3Dlightbox%26settings%3DeyJpZCI6MjY4LCJ1cmwiOiJodHRwOlwvXC93d3cuYmVsY2V2LmNvbS50clwvd3AtY29udGVudFwvdXBsb2Fkc1wvMjAxOFwvMTBcL2NlbmdpejYuanBnIiwic2xpZGVzaG93IjoiNmU3MDQ0MyJ9\" href='http:\/\/www.belcev.com.tr\/wp-content\/uploads\/2018\/10\/cengiz6.jpg'><img width=\"225\" height=\"300\" src=\"http:\/\/www.belcev.com.tr\/wp-content\/uploads\/2018\/10\/cengiz6-225x300.jpg\" class=\"attachment-medium size-medium\" alt=\"\" decoding=\"async\" loading=\"lazy\" srcset=\"http:\/\/www.belcev.com.tr\/wp-content\/uploads\/2018\/10\/cengiz6-225x300.jpg 225w, http:\/\/www.belcev.com.tr\/wp-content\/uploads\/2018\/10\/cengiz6-768x1024.jpg 768w, http:\/\/www.belcev.com.tr\/wp-content\/uploads\/2018\/10\/cengiz6.jpg 1200w\" sizes=\"(max-width: 225px) 100vw, 225px\" \/><\/a>\n\t\t\t<\/div><\/figure><figure class='gallery-item'>\n\t\t\t<div class='gallery-icon portrait'>\n\t\t\t\t<a data-elementor-open-lightbox=\"yes\" data-elementor-lightbox-slideshow=\"6e70443\" data-elementor-lightbox-title=\"cengiz7\" data-e-action-hash=\"#elementor-action%3Aaction%3Dlightbox%26settings%3DeyJpZCI6MjY5LCJ1cmwiOiJodHRwOlwvXC93d3cuYmVsY2V2LmNvbS50clwvd3AtY29udGVudFwvdXBsb2Fkc1wvMjAxOFwvMTBcL2NlbmdpejcuanBnIiwic2xpZGVzaG93IjoiNmU3MDQ0MyJ9\" href='http:\/\/www.belcev.com.tr\/wp-content\/uploads\/2018\/10\/cengiz7.jpg'><img width=\"225\" height=\"300\" src=\"http:\/\/www.belcev.com.tr\/wp-content\/uploads\/2018\/10\/cengiz7-225x300.jpg\" class=\"attachment-medium size-medium\" alt=\"\" decoding=\"async\" loading=\"lazy\" srcset=\"http:\/\/www.belcev.com.tr\/wp-content\/uploads\/2018\/10\/cengiz7-225x300.jpg 225w, http:\/\/www.belcev.com.tr\/wp-content\/uploads\/2018\/10\/cengiz7-768x1024.jpg 768w, http:\/\/www.belcev.com.tr\/wp-content\/uploads\/2018\/10\/cengiz7.jpg 1200w\" sizes=\"(max-width: 225px) 100vw, 225px\" \/><\/a>\n\t\t\t<\/div><\/figure><figure class='gallery-item'>\n\t\t\t<div class='gallery-icon portrait'>\n\t\t\t\t<a data-elementor-open-lightbox=\"yes\" data-elementor-lightbox-slideshow=\"6e70443\" data-elementor-lightbox-title=\"3\" data-e-action-hash=\"#elementor-action%3Aaction%3Dlightbox%26settings%3DeyJpZCI6MjAzLCJ1cmwiOiJodHRwOlwvXC93d3cuYmVsY2V2LmNvbS50clwvd3AtY29udGVudFwvdXBsb2Fkc1wvMjAxOFwvMTBcLzMuanBnIiwic2xpZGVzaG93IjoiNmU3MDQ0MyJ9\" href='http:\/\/www.belcev.com.tr\/wp-content\/uploads\/2018\/10\/3.jpg'><img width=\"211\" height=\"300\" src=\"http:\/\/www.belcev.com.tr\/wp-content\/uploads\/2018\/10\/3-211x300.jpg\" class=\"attachment-medium size-medium\" alt=\"\" decoding=\"async\" loading=\"lazy\" srcset=\"http:\/\/www.belcev.com.tr\/wp-content\/uploads\/2018\/10\/3-211x300.jpg 211w, http:\/\/www.belcev.com.tr\/wp-content\/uploads\/2018\/10\/3-768x1091.jpg 768w, http:\/\/www.belcev.com.tr\/wp-content\/uploads\/2018\/10\/3-721x1024.jpg 721w, http:\/\/www.belcev.com.tr\/wp-content\/uploads\/2018\/10\/3.jpg 843w\" sizes=\"(max-width: 211px) 100vw, 211px\" \/><\/a>\n\t\t\t<\/div><\/figure><figure class='gallery-item'>\n\t\t\t<div class='gallery-icon portrait'>\n\t\t\t\t<a data-elementor-open-lightbox=\"yes\" data-elementor-lightbox-slideshow=\"6e70443\" data-elementor-lightbox-title=\"1\" data-e-action-hash=\"#elementor-action%3Aaction%3Dlightbox%26settings%3DeyJpZCI6MjAxLCJ1cmwiOiJodHRwOlwvXC93d3cuYmVsY2V2LmNvbS50clwvd3AtY29udGVudFwvdXBsb2Fkc1wvMjAxOFwvMTBcLzEuanBnIiwic2xpZGVzaG93IjoiNmU3MDQ0MyJ9\" href='http:\/\/www.belcev.com.tr\/wp-content\/uploads\/2018\/10\/1.jpg'><img width=\"225\" height=\"300\" src=\"http:\/\/www.belcev.com.tr\/wp-content\/uploads\/2018\/10\/1-225x300.jpg\" class=\"attachment-medium size-medium\" alt=\"\" decoding=\"async\" loading=\"lazy\" srcset=\"http:\/\/www.belcev.com.tr\/wp-content\/uploads\/2018\/10\/1-225x300.jpg 225w, http:\/\/www.belcev.com.tr\/wp-content\/uploads\/2018\/10\/1-768x1024.jpg 768w, http:\/\/www.belcev.com.tr\/wp-content\/uploads\/2018\/10\/1.jpg 1024w\" sizes=\"(max-width: 225px) 100vw, 225px\" \/><\/a>\n\t\t\t<\/div><\/figure><figure class='gallery-item'>\n\t\t\t<div class='gallery-icon portrait'>\n\t\t\t\t<a data-elementor-open-lightbox=\"yes\" data-elementor-lightbox-slideshow=\"6e70443\" data-elementor-lightbox-title=\"6\" data-e-action-hash=\"#elementor-action%3Aaction%3Dlightbox%26settings%3DeyJpZCI6MjA5LCJ1cmwiOiJodHRwOlwvXC93d3cuYmVsY2V2LmNvbS50clwvd3AtY29udGVudFwvdXBsb2Fkc1wvMjAxOFwvMTBcLzYuanBnIiwic2xpZGVzaG93IjoiNmU3MDQ0MyJ9\" href='http:\/\/www.belcev.com.tr\/wp-content\/uploads\/2018\/10\/6.jpg'><img width=\"169\" height=\"300\" src=\"http:\/\/www.belcev.com.tr\/wp-content\/uploads\/2018\/10\/6-169x300.jpg\" class=\"attachment-medium size-medium\" alt=\"\" decoding=\"async\" loading=\"lazy\" srcset=\"http:\/\/www.belcev.com.tr\/wp-content\/uploads\/2018\/10\/6-169x300.jpg 169w, http:\/\/www.belcev.com.tr\/wp-content\/uploads\/2018\/10\/6-768x1363.jpg 768w, http:\/\/www.belcev.com.tr\/wp-content\/uploads\/2018\/10\/6-577x1024.jpg 577w\" sizes=\"(max-width: 169px) 100vw, 169px\" \/><\/a>\n\t\t\t<\/div><\/figure><figure class='gallery-item'>\n\t\t\t<div class='gallery-icon portrait'>\n\t\t\t\t<a data-elementor-open-lightbox=\"yes\" data-elementor-lightbox-slideshow=\"6e70443\" data-elementor-lightbox-title=\"7\" data-e-action-hash=\"#elementor-action%3Aaction%3Dlightbox%26settings%3DeyJpZCI6MjEwLCJ1cmwiOiJodHRwOlwvXC93d3cuYmVsY2V2LmNvbS50clwvd3AtY29udGVudFwvdXBsb2Fkc1wvMjAxOFwvMTBcLzcuanBnIiwic2xpZGVzaG93IjoiNmU3MDQ0MyJ9\" href='http:\/\/www.belcev.com.tr\/wp-content\/uploads\/2018\/10\/7.jpg'><img width=\"169\" height=\"300\" src=\"http:\/\/www.belcev.com.tr\/wp-content\/uploads\/2018\/10\/7-169x300.jpg\" class=\"attachment-medium size-medium\" alt=\"\" decoding=\"async\" loading=\"lazy\" srcset=\"http:\/\/www.belcev.com.tr\/wp-content\/uploads\/2018\/10\/7-169x300.jpg 169w, http:\/\/www.belcev.com.tr\/wp-content\/uploads\/2018\/10\/7-768x1363.jpg 768w, http:\/\/www.belcev.com.tr\/wp-content\/uploads\/2018\/10\/7-577x1024.jpg 577w\" sizes=\"(max-width: 169px) 100vw, 169px\" \/><\/a>\n\t\t\t<\/div><\/figure><figure class='gallery-item'>\n\t\t\t<div class='gallery-icon portrait'>\n\t\t\t\t<a data-elementor-open-lightbox=\"yes\" data-elementor-lightbox-slideshow=\"6e70443\" data-elementor-lightbox-title=\"cengiz8\" data-e-action-hash=\"#elementor-action%3Aaction%3Dlightbox%26settings%3DeyJpZCI6MzU0LCJ1cmwiOiJodHRwOlwvXC93d3cuYmVsY2V2LmNvbS50clwvd3AtY29udGVudFwvdXBsb2Fkc1wvMjAxOFwvMTFcL2NlbmdpejguanBnIiwic2xpZGVzaG93IjoiNmU3MDQ0MyJ9\" href='http:\/\/www.belcev.com.tr\/wp-content\/uploads\/2018\/11\/cengiz8.jpg'><img width=\"206\" height=\"300\" src=\"http:\/\/www.belcev.com.tr\/wp-content\/uploads\/2018\/11\/cengiz8-206x300.jpg\" class=\"attachment-medium size-medium\" alt=\"\" decoding=\"async\" loading=\"lazy\" srcset=\"http:\/\/www.belcev.com.tr\/wp-content\/uploads\/2018\/11\/cengiz8-206x300.jpg 206w, http:\/\/www.belcev.com.tr\/wp-content\/uploads\/2018\/11\/cengiz8.jpg 603w\" sizes=\"(max-width: 206px) 100vw, 206px\" \/><\/a>\n\t\t\t<\/div><\/figure><figure class='gallery-item'>\n\t\t\t<div class='gallery-icon landscape'>\n\t\t\t\t<a data-elementor-open-lightbox=\"yes\" data-elementor-lightbox-slideshow=\"6e70443\" data-elementor-lightbox-title=\"2\" data-e-action-hash=\"#elementor-action%3Aaction%3Dlightbox%26settings%3DeyJpZCI6MjAyLCJ1cmwiOiJodHRwOlwvXC93d3cuYmVsY2V2LmNvbS50clwvd3AtY29udGVudFwvdXBsb2Fkc1wvMjAxOFwvMTBcLzIuanBnIiwic2xpZGVzaG93IjoiNmU3MDQ0MyJ9\" href='http:\/\/www.belcev.com.tr\/wp-content\/uploads\/2018\/10\/2.jpg'><img width=\"300\" height=\"225\" src=\"http:\/\/www.belcev.com.tr\/wp-content\/uploads\/2018\/10\/2-300x225.jpg\" class=\"attachment-medium size-medium\" alt=\"\" decoding=\"async\" loading=\"lazy\" srcset=\"http:\/\/www.belcev.com.tr\/wp-content\/uploads\/2018\/10\/2-300x225.jpg 300w, http:\/\/www.belcev.com.tr\/wp-content\/uploads\/2018\/10\/2-768x576.jpg 768w, http:\/\/www.belcev.com.tr\/wp-content\/uploads\/2018\/10\/2.jpg 1024w\" sizes=\"(max-width: 300px) 100vw, 300px\" \/><\/a>\n\t\t\t<\/div><\/figure><figure class='gallery-item'>\n\t\t\t<div class='gallery-icon landscape'>\n\t\t\t\t<a data-elementor-open-lightbox=\"yes\" data-elementor-lightbox-slideshow=\"6e70443\" data-elementor-lightbox-title=\"cengiz13\" data-e-action-hash=\"#elementor-action%3Aaction%3Dlightbox%26settings%3DeyJpZCI6Mjc0LCJ1cmwiOiJodHRwOlwvXC93d3cuYmVsY2V2LmNvbS50clwvd3AtY29udGVudFwvdXBsb2Fkc1wvMjAxOFwvMTBcL2NlbmdpejEzLmpwZyIsInNsaWRlc2hvdyI6IjZlNzA0NDMifQ%3D%3D\" href='http:\/\/www.belcev.com.tr\/wp-content\/uploads\/2018\/10\/cengiz13.jpg'><img width=\"300\" height=\"169\" src=\"http:\/\/www.belcev.com.tr\/wp-content\/uploads\/2018\/10\/cengiz13-300x169.jpg\" class=\"attachment-medium size-medium\" alt=\"\" decoding=\"async\" loading=\"lazy\" srcset=\"http:\/\/www.belcev.com.tr\/wp-content\/uploads\/2018\/10\/cengiz13-300x169.jpg 300w, http:\/\/www.belcev.com.tr\/wp-content\/uploads\/2018\/10\/cengiz13-768x432.jpg 768w, http:\/\/www.belcev.com.tr\/wp-content\/uploads\/2018\/10\/cengiz13-1024x577.jpg 1024w, http:\/\/www.belcev.com.tr\/wp-content\/uploads\/2018\/10\/cengiz13.jpg 1600w\" sizes=\"(max-width: 300px) 100vw, 300px\" \/><\/a>\n\t\t\t<\/div><\/figure><figure class='gallery-item'>\n\t\t\t<div class='gallery-icon landscape'>\n\t\t\t\t<a data-elementor-open-lightbox=\"yes\" data-elementor-lightbox-slideshow=\"6e70443\" data-elementor-lightbox-title=\"cengiz9\" data-e-action-hash=\"#elementor-action%3Aaction%3Dlightbox%26settings%3DeyJpZCI6MjcxLCJ1cmwiOiJodHRwOlwvXC93d3cuYmVsY2V2LmNvbS50clwvd3AtY29udGVudFwvdXBsb2Fkc1wvMjAxOFwvMTBcL2NlbmdpejkuanBnIiwic2xpZGVzaG93IjoiNmU3MDQ0MyJ9\" href='http:\/\/www.belcev.com.tr\/wp-content\/uploads\/2018\/10\/cengiz9.jpg'><img width=\"300\" height=\"169\" src=\"http:\/\/www.belcev.com.tr\/wp-content\/uploads\/2018\/10\/cengiz9-300x169.jpg\" class=\"attachment-medium size-medium\" alt=\"\" decoding=\"async\" loading=\"lazy\" srcset=\"http:\/\/www.belcev.com.tr\/wp-content\/uploads\/2018\/10\/cengiz9-300x169.jpg 300w, http:\/\/www.belcev.com.tr\/wp-content\/uploads\/2018\/10\/cengiz9-768x432.jpg 768w, http:\/\/www.belcev.com.tr\/wp-content\/uploads\/2018\/10\/cengiz9-1024x577.jpg 1024w, http:\/\/www.belcev.com.tr\/wp-content\/uploads\/2018\/10\/cengiz9.jpg 1600w\" sizes=\"(max-width: 300px) 100vw, 300px\" \/><\/a>\n\t\t\t<\/div><\/figure><figure class='gallery-item'>\n\t\t\t<div class='gallery-icon landscape'>\n\t\t\t\t<a data-elementor-open-lightbox=\"yes\" data-elementor-lightbox-slideshow=\"6e70443\" data-elementor-lightbox-title=\"cengiz2\" data-e-action-hash=\"#elementor-action%3Aaction%3Dlightbox%26settings%3DeyJpZCI6MjY0LCJ1cmwiOiJodHRwOlwvXC93d3cuYmVsY2V2LmNvbS50clwvd3AtY29udGVudFwvdXBsb2Fkc1wvMjAxOFwvMTBcL2NlbmdpejIuanBnIiwic2xpZGVzaG93IjoiNmU3MDQ0MyJ9\" href='http:\/\/www.belcev.com.tr\/wp-content\/uploads\/2018\/10\/cengiz2.jpg'><img width=\"300\" height=\"169\" src=\"http:\/\/www.belcev.com.tr\/wp-content\/uploads\/2018\/10\/cengiz2-300x169.jpg\" class=\"attachment-medium size-medium\" alt=\"\" decoding=\"async\" loading=\"lazy\" srcset=\"http:\/\/www.belcev.com.tr\/wp-content\/uploads\/2018\/10\/cengiz2-300x169.jpg 300w, http:\/\/www.belcev.com.tr\/wp-content\/uploads\/2018\/10\/cengiz2-768x432.jpg 768w, http:\/\/www.belcev.com.tr\/wp-content\/uploads\/2018\/10\/cengiz2-1024x577.jpg 1024w, http:\/\/www.belcev.com.tr\/wp-content\/uploads\/2018\/10\/cengiz2.jpg 1600w\" sizes=\"(max-width: 300px) 100vw, 300px\" \/><\/a>\n\t\t\t<\/div><\/figure><figure class='gallery-item'>\n\t\t\t<div class='gallery-icon landscape'>\n\t\t\t\t<a data-elementor-open-lightbox=\"yes\" data-elementor-lightbox-slideshow=\"6e70443\" data-elementor-lightbox-title=\"cengiz3\" data-e-action-hash=\"#elementor-action%3Aaction%3Dlightbox%26settings%3DeyJpZCI6MzUwLCJ1cmwiOiJodHRwOlwvXC93d3cuYmVsY2V2LmNvbS50clwvd3AtY29udGVudFwvdXBsb2Fkc1wvMjAxOFwvMTFcL2NlbmdpejMuanBnIiwic2xpZGVzaG93IjoiNmU3MDQ0MyJ9\" href='http:\/\/www.belcev.com.tr\/wp-content\/uploads\/2018\/11\/cengiz3.jpg'><img width=\"300\" height=\"198\" src=\"http:\/\/www.belcev.com.tr\/wp-content\/uploads\/2018\/11\/cengiz3-300x198.jpg\" class=\"attachment-medium size-medium\" alt=\"\" decoding=\"async\" loading=\"lazy\" srcset=\"http:\/\/www.belcev.com.tr\/wp-content\/uploads\/2018\/11\/cengiz3-300x198.jpg 300w, http:\/\/www.belcev.com.tr\/wp-content\/uploads\/2018\/11\/cengiz3-768x506.jpg 768w, http:\/\/www.belcev.com.tr\/wp-content\/uploads\/2018\/11\/cengiz3-1024x675.jpg 1024w, http:\/\/www.belcev.com.tr\/wp-content\/uploads\/2018\/11\/cengiz3.jpg 1277w\" sizes=\"(max-width: 300px) 100vw, 300px\" \/><\/a>\n\t\t\t<\/div><\/figure><figure class='gallery-item'>\n\t\t\t<div class='gallery-icon landscape'>\n\t\t\t\t<a data-elementor-open-lightbox=\"yes\" data-elementor-lightbox-slideshow=\"6e70443\" data-elementor-lightbox-title=\"cengiz11\" data-e-action-hash=\"#elementor-action%3Aaction%3Dlightbox%26settings%3DeyJpZCI6MzUyLCJ1cmwiOiJodHRwOlwvXC93d3cuYmVsY2V2LmNvbS50clwvd3AtY29udGVudFwvdXBsb2Fkc1wvMjAxOFwvMTFcL2NlbmdpejExLmpwZyIsInNsaWRlc2hvdyI6IjZlNzA0NDMifQ%3D%3D\" href='http:\/\/www.belcev.com.tr\/wp-content\/uploads\/2018\/11\/cengiz11.jpg'><img width=\"300\" height=\"223\" src=\"http:\/\/www.belcev.com.tr\/wp-content\/uploads\/2018\/11\/cengiz11-300x223.jpg\" class=\"attachment-medium size-medium\" alt=\"\" decoding=\"async\" loading=\"lazy\" srcset=\"http:\/\/www.belcev.com.tr\/wp-content\/uploads\/2018\/11\/cengiz11-300x223.jpg 300w, http:\/\/www.belcev.com.tr\/wp-content\/uploads\/2018\/11\/cengiz11-768x572.jpg 768w, http:\/\/www.belcev.com.tr\/wp-content\/uploads\/2018\/11\/cengiz11.jpg 1013w\" sizes=\"(max-width: 300px) 100vw, 300px\" \/><\/a>\n\t\t\t<\/div><\/figure>\n\t\t<\/div>\n\t\t<\/div>\n\t\t\t\t<\/div>\n\t\t\t\t<\/div>\n\t\t\t\t\t\t<\/div>\n\t\t\t\t\t<\/div>\n\t\t<\/div>\n\t\t\t\t\t\t\t\t<\/div>\n\t\t\t\t\t<\/div>\n\t\t<\/section>\n\t\t\t\t\t\t\t\t\t<\/div>\n\t\t\t<\/div>\n\t\t\t\t\t<\/div>\n\t\t","protected":false},"excerpt":{"rendered":"<p>\u00dcR\u00dcNLER\u0130M\u0130Z \u00c7evre ve \u015eehircilik Bakanl\u0131\u011f\u0131 onayl\u0131 olan 3 farkl\u0131 otomasyon sistemimiz bulunmakta olup sistemlerimiz son teknoloji ile \u00fcretilmektedir.Sabit mavi kart otomasyon sistemi (motorlu ve motorsuz), Hareketli mavi kart otomasyon sistemi (motorlu ve motorsuz) ve Tekne Takip Sistemli Mavi Kart Otomasyon Sistemi\u00a0 \u00fcr\u00fcn yelpazasesinde bulunmaktad\u0131r.<\/p>\n","protected":false},"author":1,"featured_media":0,"parent":0,"menu_order":0,"comment_status":"closed","ping_status":"closed","template":"","meta":[],"_links":{"self":[{"href":"http:\/\/www.belcev.com.tr\/index.php?rest_route=\/wp\/v2\/pages\/10"}],"collection":[{"href":"http:\/\/www.belcev.com.tr\/index.php?rest_route=\/wp\/v2\/pages"}],"about":[{"href":"http:\/\/www.belcev.com.tr\/index.php?rest_route=\/wp\/v2\/types\/page"}],"author":[{"embeddable":true,"href":"http:\/\/www.belcev.com.tr\/index.php?rest_route=\/wp\/v2\/users\/1"}],"replies":[{"embeddable":true,"href":"http:\/\/www.belcev.com.tr\/index.php?rest_route=%2Fwp%2Fv2%2Fcomments&post=10"}],"version-history":[{"count":64,"href":"http:\/\/www.belcev.com.tr\/index.php?rest_route=\/wp\/v2\/pages\/10\/revisions"}],"predecessor-version":[{"id":356,"href":"http:\/\/www.belcev.com.tr\/index.php?rest_route=\/wp\/v2\/pages\/10\/revisions\/356"}],"wp:attachment":[{"href":"http:\/\/www.belcev.com.tr\/index.php?rest_route=%2Fwp%2Fv2%2Fmedia&parent=10"}],"curies":[{"name":"wp","href":"https:\/\/api.w.org\/{rel}","templated":true}]}}